{"id":208,"date":"2026-02-04T15:24:19","date_gmt":"2026-02-04T14:24:19","guid":{"rendered":"https:\/\/inexpugnable.com\/?page_id=208"},"modified":"2026-03-18T19:27:20","modified_gmt":"2026-03-18T18:27:20","slug":"mention-legales","status":"publish","type":"page","link":"https:\/\/inexpugnable.com\/index.php\/mention-legales\/","title":{"rendered":"mention legales"},"content":{"rendered":"\t\t<div data-elementor-type=\"wp-page\" data-elementor-id=\"208\" class=\"elementor elementor-208\">\n\t\t\t\t<div class=\"elementor-element elementor-element-2e5b7fc e-flex e-con-boxed e-con e-parent\" data-id=\"2e5b7fc\" data-element_type=\"container\" data-e-type=\"container\" data-settings=\"{&quot;background_background&quot;:&quot;classic&quot;}\">\n\t\t\t\t\t<div class=\"e-con-inner\">\n\t\t\t\t<div class=\"elementor-element elementor-element-5ec61e3 elementor-widget elementor-widget-html\" data-id=\"5ec61e3\" data-element_type=\"widget\" data-e-type=\"widget\" data-widget_type=\"html.default\">\n\t\t\t\t\t<style>\n    \/* Reset et Container *\/\n    .inexpugnable-wrapper {\n        background-color: #000000;\n        color: #F7F7F6;\n        font-family: 'Helvetica Neue', Helvetica, Arial, sans-serif;\n        min-height: 100vh; \n        display: flex;\n        flex-direction: column;\n        justify-content: space-between; \n        padding: 5vh 2% 30px 2%;\n        box-sizing: border-box;\n        overflow: hidden; \/* Emp\u00eache le scroll r\u00e9siduel *\/\n    }\n\n    \/* Container du Logo *\/\n    .ine-logo-full {\n        flex: 1; \/* Prend tout l'espace central disponible *\/\n        display: flex;\n        justify-content: center;\n        align-items: center;\n        width: 100%;\n        max-width: 1600px; \/* \u00c9vite qu'il soit trop g\u00e9ant sur tr\u00e8s grands \u00e9crans *\/\n        margin: 0 auto;\n    }\n\n    .ine-logo-full svg {\n        width: 100%;\n        height: auto;\n        display: block;\n        transition: all 0.6s cubic-bezier(0.16, 1, 0.3, 1);\n    }\n\n    \/* Footer *\/\n    .ine-footer {\n        display: flex;\n        justify-content: space-between;\n        align-items: center;\n        width: 100%;\n        max-width: 1800px;\n        margin: 0 auto;\n        padding-top: 20px;\n    }\n\n    .ine-description {\n        font-size: clamp(12px, 1vw, 16px);\n        text-transform: uppercase;\n        font-weight: 800;\n        letter-spacing: -0.5px;\n    }\n\n    .ine-description span {\n        color: #444;\n    }\n\n    \/* Bouton Ulule *\/\n    .ine-ulule-btn {\n        background: rgba(255, 255, 255, 0.05);\n        backdrop-filter: blur(10px);\n        border: 1px solid rgba(255, 255, 255, 0.2);\n        padding: 10px 20px;\n        color: #F7F7F6;\n        text-decoration: none;\n        font-size: 10px;\n        letter-spacing: 1px;\n        text-transform: uppercase;\n        transition: all 0.3s ease;\n    }\n\n    .ine-ulule-btn:hover {\n        background: #F7F7F6;\n        color: #000;\n    }\n\n    @media (max-width: 768px) {\n        .ine-footer {\n            flex-direction: column;\n            gap: 20px;\n            text-align: center;\n        }\n    }\n<\/style>\n\n<div class=\"inexpugnable-wrapper\">\n    <div class=\"ine-logo-full\">\n        <svg viewBox=\"0 0 1860 418\" fill=\"none\" xmlns=\"http:\/\/www.w3.org\/2000\/svg\">\n            <g clip-path=\"url(#clip0_58_26)\">\n                <path d=\"M1460.83 417.568H1400.12L1417.43 398.394V221.942L1405.71 208.901L1417.43 195.859V19.2521L1400.12 0H1488.62C1517.81 0 1541.49 23.1336 1541.49 51.6235V181.265C1541.49 191.046 1538.69 200.439 1533.34 208.668C1538.69 216.819 1541.49 226.212 1541.49 236.071V365.79C1541.49 394.202 1517.73 417.336 1488.62 417.336H1460.83V417.568ZM1466.88 369.128H1488.62C1490.56 369.128 1492.11 367.653 1492.11 365.945V236.226C1492.11 234.441 1490.56 233.043 1488.62 233.043H1466.88V369.128ZM1466.88 184.603H1488.62C1490.56 184.603 1492.11 183.128 1492.11 181.342V51.7012C1492.11 49.9157 1490.56 48.4407 1488.62 48.4407H1466.88V184.603Z\" fill=\"#F7F7F6\"\/>\n                <path d=\"M678.714 417.568H594.719L612.03 398.394V222.02L600.23 208.901L612.03 195.781V19.2521L594.796 0H683.294C712.482 0 736.159 23.1336 736.159 51.6235V181.265C736.159 209.755 712.405 232.888 683.294 232.888H661.558V398.239L678.791 417.413L678.714 417.568ZM661.558 184.603H683.294C685.157 184.603 686.787 183.128 686.787 181.342V51.7012C686.787 49.9157 685.235 48.4407 683.294 48.4407H661.558V184.603Z\" fill=\"#F7F7F6\"\/>\n                <path d=\"M1400.12 417.568H1241.6L1258.84 398.394V222.02L1247.04 208.901L1258.84 195.781V19.2521L1241.6 0H1400.12L1382.97 19.2521V195.626L1394.77 208.745L1382.97 221.865V398.239L1400.12 417.491V417.568ZM1308.21 398.394L1320.86 412.522L1333.52 398.394V233.043H1308.21V398.394ZM1308.21 184.603H1333.52V48.4407H1308.21V184.603Z\" fill=\"#F7F7F6\"\/>\n                <path d=\"M254.935 417.568L272.168 398.394V222.02L260.369 208.901L272.168 195.781V19.2521L254.935 0H396.298V64.8205L376.89 48.3631H321.541V184.525H364.237L383.644 168.068V249.268L364.237 232.811H321.541V368.895H376.89L396.298 352.437V417.258H254.935V417.568Z\" fill=\"#F7F7F6\"\/>\n                <path d=\"M83.995 417.568H0L17.2337 398.394V222.02L5.43406 208.901L17.2337 195.781V19.2521L0 0H83.995L66.6836 19.1745V195.548L78.4833 208.668L66.6836 221.787V398.161L83.995 417.336V417.568Z\" fill=\"#F7F7F6\"\/>\n                <path d=\"M254.934 417.568H170.94L188.251 398.394V306.403L150.523 214.257V398.472L167.757 417.646H83.917L101.151 398.472V222.098L89.351 208.978L101.151 195.859V19.2521L83.917 0H167.757L150.523 19.1745V111.165L188.251 203.234V19.2521L171.017 0H255.012L237.778 19.1745V195.626L249.578 208.745L237.778 221.865V398.316L255.012 417.491L254.934 417.568Z\" fill=\"#F7F7F6\"\/>\n                <path d=\"M1241.6 417.568H1157.61L1174.92 398.394V306.403L1137.19 214.257V398.472L1154.43 417.646H1070.59L1087.82 398.472V222.098L1076.02 208.978L1087.82 195.859V19.2521L1070.59 0H1154.43L1137.19 19.1745V111.165L1174.92 203.234V19.2521L1157.61 0H1241.6L1224.37 19.1745V195.626L1236.17 208.745L1224.37 221.865V398.316L1241.6 417.491V417.568Z\" fill=\"#F7F7F6\"\/>\n                <path d=\"M1000.41 417.491H982.09C952.901 417.491 929.224 394.357 929.224 365.945V221.787L917.657 208.823L929.224 195.859V51.7012C929.224 23.2112 952.979 0 982.167 0H1000.49C1029.68 0 1053.35 23.1336 1053.35 51.6235V136.472L1003.9 191.589V51.7012C1003.9 49.9157 1002.35 48.4407 1000.41 48.4407H982.09C980.149 48.4407 978.596 49.9157 978.596 51.7012V365.867C978.596 367.653 980.149 369.05 982.09 369.05H1000.41C1002.27 369.05 1003.9 367.575 1003.9 365.867V222.02L986.592 202.768H1053.35V365.945C1053.35 394.357 1029.6 417.491 1000.49 417.491H1000.41Z\" fill=\"#F7F7F6\"\/>\n                <path d=\"M840.959 417.491H822.716C793.527 417.491 769.773 394.357 769.773 365.945V222.02L757.973 208.901L769.773 195.781V19.2521L752.539 0H911.136L893.902 19.1745V195.548L905.779 208.668L893.902 221.787V365.712C893.902 394.124 870.148 417.258 840.959 417.258V417.491ZM819.145 19.2521V365.867C819.145 367.575 820.775 369.05 822.716 369.05H840.959C842.9 369.05 844.53 367.575 844.53 365.867V19.3297L831.876 5.20117L819.223 19.2521H819.145Z\" fill=\"#F7F7F6\"\/>\n                <path d=\"M1559.96 417.568L1577.2 398.394V221.942L1565.47 208.901L1577.2 195.859V19.2521L1559.96 0H1643.8L1626.57 19.1745V369.05H1681.92L1701.33 352.593V417.413H1559.96V417.568Z\" fill=\"#F7F7F6\"\/>\n                <path d=\"M1718.56 417.568L1735.79 398.394V221.942L1724.07 208.823L1735.79 195.704V19.2521L1718.56 0H1859.92V64.8205L1840.52 48.3631H1785.17V184.525H1827.86L1847.27 168.068V249.346L1827.86 232.888H1785.17V369.05H1840.52L1859.92 352.593V417.413H1718.56V417.568Z\" fill=\"#F7F7F6\"\/>\n                <path d=\"M561.338 394.357L582.065 417.568H498.225L512.742 401.266V279.543L496.517 252.528L480.293 279.543V401.266L494.809 417.568H410.97L431.697 394.357V279.078L472.064 211.773L431.697 144.546V23.1336L410.97 0H494.809L480.293 16.3022V144.002L496.517 171.018L512.742 144.002V16.3022L498.225 0H582.065L561.338 23.1336V144.546L520.971 211.773L561.338 279.078V394.357Z\" fill=\"#F7F7F6\"\/>\n            <\/g>\n            <defs>\n                <clipPath id=\"clip0_58_26\">\n                    <rect width=\"1860\" height=\"417.568\" fill=\"white\"\/>\n                <\/clipPath>\n            <\/defs>\n        <\/svg>\n    <\/div>\n\n    <footer class=\"ine-footer\">\n        <div class=\"ine-description\">\n            <span>MENTIONS<\/span> LEGALES\n        <\/div>\n        <a href=\"https:\/\/ulule.com\" target=\"_blank\" class=\"ine-ulule-btn\">\n            : D\u00c9COUVRIR LE DROP ALPHA SUR ULULE.\n        <\/a>\n    <\/footer>\n<\/div>\t\t\t\t<\/div>\n\t\t\t\t\t<\/div>\n\t\t\t\t<\/div>\n\t\t<div class=\"elementor-element elementor-element-e897761 e-flex e-con-boxed e-con e-parent\" data-id=\"e897761\" data-element_type=\"container\" data-e-type=\"container\" data-settings=\"{&quot;background_background&quot;:&quot;classic&quot;}\">\n\t\t\t\t\t<div class=\"e-con-inner\">\n\t\t\t\t<div class=\"elementor-element elementor-element-13e3ef3 elementor-widget elementor-widget-text-editor\" data-id=\"13e3ef3\" data-element_type=\"widget\" data-e-type=\"widget\" data-widget_type=\"text-editor.default\">\n\t\t\t\t\t\t\t\t\t<h3>MENTIONS L\u00c9GALES \u2013 INEXPUGNABLE SAS<\/h3><h5><strong>\u00c9diteur du site<\/strong><\/h5><p>Nom de la marque : INEXPUGNABLE<br \/>Statut juridique : SAS<br \/>Raison sociale : INEXPUGNABLE SAS<br \/>Capital social : 2 000 \u20ac<br \/>Si\u00e8ge social : 21 all\u00e9e Jay Dee 34000 MONTPELLIER<br \/>Num\u00e9ro SIRET : 999 459 530 00013<br \/>RCS : MONTPELLIER 999459530<br \/>TVA intracommunautaire : FR59999459530<br \/>Email de contact : hello@inexpugnable.com<\/p><h5><strong>H\u00e9bergement<\/strong><\/h5><p>H\u00e9bergeur : OVHcloud<br \/>Raison sociale : OVH SAS<br \/>Adresse : 2 rue Kellermann, 59100 Roubaix, France<br \/>T\u00e9l\u00e9phone : +33 (0)9 72 10 10 07<br \/>Site web : https:\/\/www.ovhcloud.com<\/p><h5><strong>Propri\u00e9t\u00e9 intellectuelle<\/strong><\/h5><p>L\u2019ensemble des \u00e9l\u00e9ments du site INEXPUGNABLE (textes, images, graphismes, logo, vid\u00e9os,<br \/>structure, design, concept, nom de marque, slogan, etc.) sont prot\u00e9g\u00e9s par le droit de la<br \/>propri\u00e9t\u00e9 intellectuelle.<br \/>Toute reproduction ou utilisation sans autorisation \u00e9crite est interdite.<\/p><p>La marque INEXPUGNABLE et son logo sont d\u00e9pos\u00e9s ou en cours de d\u00e9p\u00f4t aupr\u00e8s de l\u2019INPI<br \/>et de l\u2019EUIPO.<\/p><h5><strong>Responsabilit\u00e9<\/strong><\/h5><p>L\u2019\u00e9diteur ne saurait \u00eatre tenu responsable des dommages directs ou indirects caus\u00e9s au<br \/>mat\u00e9riel de l\u2019utilisateur lors de l\u2019acc\u00e8s au site.<br \/>Le site peut contenir des liens vers des sites externes dont l\u2019\u00e9diteur n\u2019est pas responsable.<\/p><h5><strong>Donn\u00e9es personnelles (RGPD)<\/strong><\/h5><p>Les informations collect\u00e9es sont utilis\u00e9es uniquement dans le cadre de la relation<br \/>commerciale.<br \/>L\u2019utilisateur dispose d\u2019un droit d\u2019acc\u00e8s, de rectification, de suppression et d\u2019opposition.<br \/>Contact : hello@inexpugnable.com<\/p><h5><strong>Cookies<\/strong><\/h5><p>Le site utilise des cookies \u00e0 des fins de statistiques et d\u2019am\u00e9lioration de l\u2019exp\u00e9rience<br \/>utilisateur.<br \/>Le param\u00e9trage des cookies peut \u00eatre modifi\u00e9 \u00e0 tout moment via le navigateur.<\/p><h5><strong>Droit applicable<\/strong><\/h5><p>Le pr\u00e9sent site est soumis au droit fran\u00e7ais.<br \/>En cas de litige, les tribunaux fran\u00e7ais seront seuls comp\u00e9tents.<\/p>\t\t\t\t\t\t\t\t<\/div>\n\t\t\t\t<div class=\"elementor-element elementor-element-0a0428a elementor-widget elementor-widget-spacer\" data-id=\"0a0428a\" data-element_type=\"widget\" data-e-type=\"widget\" data-widget_type=\"spacer.default\">\n\t\t\t\t\t\t\t<div class=\"elementor-spacer\">\n\t\t\t<div class=\"elementor-spacer-inner\"><\/div>\n\t\t<\/div>\n\t\t\t\t\t\t<\/div>\n\t\t\t\t\t<\/div>\n\t\t\t\t<\/div>\n\t\t\t\t<\/div>\n\t\t","protected":false},"excerpt":{"rendered":"<p>MENTIONS LEGALES : D\u00c9COUVRIR LE DROP ALPHA SUR ULULE. MENTIONS L\u00c9GALES \u2013 INEXPUGNABLE SAS \u00c9diteur du site Nom de la marque : INEXPUGNABLEStatut juridique : SASRaison sociale : INEXPUGNABLE SASCapital social : 2 000 \u20acSi\u00e8ge social : 21 all\u00e9e Jay Dee 34000 MONTPELLIERNum\u00e9ro SIRET : 999 459 530 00013RCS : MONTPELLIER 999459530TVA intracommunautaire : FR59999459530Email [&hellip;]<\/p>\n","protected":false},"author":1,"featured_media":0,"parent":0,"menu_order":0,"comment_status":"closed","ping_status":"closed","template":"elementor_header_footer","meta":{"footnotes":""},"class_list":["post-208","page","type-page","status-publish","hentry"],"_links":{"self":[{"href":"https:\/\/inexpugnable.com\/index.php\/wp-json\/wp\/v2\/pages\/208","targetHints":{"allow":["GET"]}}],"collection":[{"href":"https:\/\/inexpugnable.com\/index.php\/wp-json\/wp\/v2\/pages"}],"about":[{"href":"https:\/\/inexpugnable.com\/index.php\/wp-json\/wp\/v2\/types\/page"}],"author":[{"embeddable":true,"href":"https:\/\/inexpugnable.com\/index.php\/wp-json\/wp\/v2\/users\/1"}],"replies":[{"embeddable":true,"href":"https:\/\/inexpugnable.com\/index.php\/wp-json\/wp\/v2\/comments?post=208"}],"version-history":[{"count":31,"href":"https:\/\/inexpugnable.com\/index.php\/wp-json\/wp\/v2\/pages\/208\/revisions"}],"predecessor-version":[{"id":518,"href":"https:\/\/inexpugnable.com\/index.php\/wp-json\/wp\/v2\/pages\/208\/revisions\/518"}],"wp:attachment":[{"href":"https:\/\/inexpugnable.com\/index.php\/wp-json\/wp\/v2\/media?parent=208"}],"curies":[{"name":"wp","href":"https:\/\/api.w.org\/{rel}","templated":true}]}}